
{"id":55149,"date":"2019-11-30T23:53:22","date_gmt":"2019-11-30T22:53:22","guid":{"rendered":"https:\/\/agir.wwf.fr\/stopextinction-saison-1\/?page_id=55149"},"modified":"2019-11-30T23:53:31","modified_gmt":"2019-11-30T22:53:31","slug":"conte-abeille","status":"publish","type":"page","link":"https:\/\/agir.wwf.fr\/stopextinction-saison-1\/conte-abeille\/","title":{"rendered":"Conte Abeille"},"content":{"rendered":"<p>[et_pb_section fb_built=\u00a0\u00bb1&Prime; _builder_version=\u00a0\u00bb4.0.6&Prime; background_color=\u00a0\u00bb#000000&Prime; width=\u00a0\u00bb100%\u00a0\u00bb][et_pb_row _builder_version=\u00a0\u00bb4.0.6&Prime; background_image=\u00a0\u00bbhttps:\/\/agir.wwf.fr\/stopextinction-saison-1\/wp-content\/uploads\/sites\/34\/2019\/11\/sl1-mobile.jpg\u00a0\u00bb background_size=\u00a0\u00bbcontain\u00a0\u00bb background_position=\u00a0\u00bbtop_center\u00a0\u00bb width=\u00a0\u00bb100%\u00a0\u00bb custom_padding=\u00a0\u00bb||10vh||false|false\u00a0\u00bb hover_enabled=\u00a0\u00bb0&Prime;][et_pb_column type=\u00a0\u00bb4_4&Prime; _builder_version=\u00a0\u00bb4.0.6&Prime; custom_padding=\u00a0\u00bb||||false|false\u00a0\u00bb][et_pb_text _builder_version=\u00a0\u00bb4.0.6&Prime; text_font=\u00a0\u00bbWWF new|200||on|||||\u00a0\u00bb text_text_color=\u00a0\u00bb#ffffff\u00a0\u00bb text_font_size=\u00a0\u00bb2em\u00a0\u00bb text_line_height=\u00a0\u00bb1em\u00a0\u00bb text_orientation=\u00a0\u00bbcenter\u00a0\u00bb background_layout=\u00a0\u00bbdark\u00a0\u00bb custom_margin=\u00a0\u00bb10vh||35vh||false|false\u00a0\u00bb]<\/p>\n<p>LES F\u00c9ES M\u00c9LLIF\u00c8RES<\/p>\n<p>[\/et_pb_text][et_pb_button button_url=\u00a0\u00bbhttps:\/\/agir.wwf.fr\/stopextinction\/abeille\/\u00a0\u00bb button_text=\u00a0\u00bbRetour\u00a0\u00bb _builder_version=\u00a0\u00bb4.0.6&Prime; custom_button=\u00a0\u00bbon\u00a0\u00bb button_text_size=\u00a0\u00bb19px\u00a0\u00bb button_text_color=\u00a0\u00bb#ffffff\u00a0\u00bb button_icon=\u00a0\u00bb%%27%%\u00a0\u00bb button_icon_color=\u00a0\u00bb#ffffff\u00a0\u00bb button_icon_placement=\u00a0\u00bbleft\u00a0\u00bb button_on_hover=\u00a0\u00bboff\u00a0\u00bb custom_margin=\u00a0\u00bb|||5vw|false|false\u00a0\u00bb custom_padding=\u00a0\u00bb8px|20px|8px|20px|true|true\u00a0\u00bb hover_enabled=\u00a0\u00bb0&Prime;][\/et_pb_button][et_pb_text _builder_version=\u00a0\u00bb4.0.6&Prime; text_text_color=\u00a0\u00bb#ffffff\u00a0\u00bb background_layout=\u00a0\u00bbdark\u00a0\u00bb custom_margin=\u00a0\u00bb|5vw||5vw|false|true\u00a0\u00bb hover_enabled=\u00a0\u00bb0&Prime;]<br \/>\nCette histoire ne commence ni en un temps recul\u00e9 ni dans un monde imaginaire, mais il n\u2019y a pas si longtemps, sur une plan\u00e8te connue de vous et moi. Elle parle de petits \u00eatres ail\u00e9s, d\u2019insectes qui se nourrissaient du nectar des fleurs, et qui en tiraient un suc dor\u00e9 et doux, go\u00fbtu et sucr\u00e9. Cette histoire parle des abeilles.<br \/>\n<br \/>\nUn jour, sur cette plan\u00e8te, les fleurs vinrent \u00e0 manquer, car la terre autrefois riche et forte avait \u00e9t\u00e9 si intens\u00e9ment cultiv\u00e9e qu\u2019elle en \u00e9tait exsangue, et que plus rien qui fut beau ou bon ne pouvait y pousser. Bien s\u00fbr, des voix s\u2019\u00e9taient \u00e9lev\u00e9es pour tenter de raisonner les hommes, fous d\u00e9voreurs de ressources, gaspilleurs de vie et voleurs d\u2019avenir, mais on ne les avait pas \u00e9cout\u00e9es, et le sacrifice de la terre nourrici\u00e8re s\u2019\u00e9tait poursuivi, jusqu\u2019\u00e0 ce que la derni\u00e8re fleur f\u00fbt fl\u00e9trie. Sans fleurs, plus de nectar, sans nectar\u2026 plus d\u2019abeilles. Les petites cr\u00e9atures s\u2019\u00e9taient \u00e9teintes doucement. Dans le tumulte du monde, leur bourdonnement s\u2019\u00e9tait tu.<br \/>\n<br \/>\nN\u00e9anmoins, parce que c\u2019est dans l\u2019obscurit\u00e9 que na\u00eet la lumi\u00e8re, il advint qu\u2019il fut impossible aux hommes d\u2019oublier le souvenir de ces pr\u00e9cieux petits \u00eatres, alors m\u00eame qu\u2019ils avaient tout oubli\u00e9 des clairi\u00e8res ondulantes et des for\u00eats bruissantes qui autrefois avaient enchant\u00e9 leur monde. Au fils des ann\u00e9es, un prodige \u00e9tonnant se produisit. Dans la m\u00e9moire collective, la r\u00e9miniscence de ces petits insectes ray\u00e9s et ail\u00e9s se transforma. Et il sembla aux hommes que les abeilles, telles que nous les connaissons vous et moi, avaient d\u00e9sormais l\u2019apparence des f\u00e9es qui peuplaient nos contes d\u2019enfants. Oui, dans la m\u00e9moire des hommes, les abeilles \u00e9taient de minuscules et gracieuses petites cr\u00e9atures, pourvues d\u2019ailes soyeuses, qui voletaient de fleur en fleur, comme elles voletaient d\u00e9sormais dans l\u2019imaginaire de chacun, d\u00e9licieux souvenir d\u2019un temps florissant et joyeux.<br \/>\n<br \/>\nPar quel miracle ce que je m\u2019appr\u00eate \u00e0 vous raconter se produisit-il\u00a0? Je ne saurais vous le dire. Mais il arriva qu\u2019un jour, chaque nouvel enfant humain se m\u00eet \u00e0 na\u00eetre avec le souvenir d\u2019une abeille-f\u00e9e qui semblait lui avoir \u00e9t\u00e9 personnellement attribu\u00e9e. Certains humains, parmi les anciens, \u00e9mirent alors l\u2019hypoth\u00e8se que ces enfants \u00e9taient b\u00e9nis, choisis et prot\u00e9g\u00e9s chacun par une f\u00e9e, qui comme chacun sait, est aussi une marraine bienfaisante capable d\u2019exaucer les v\u0153ux. La sagesse germa alors en eux.<br \/>\n<br \/>\nLes hommes press\u00e8rent les enfants de souhaiter mille richesses mauvaises et sottes\u00a0: or, p\u00e9trole et huile de palme en abondance. On leur ordonna encore d\u2019obtenir qu\u2019elles remplissent \u00e0 nouveau les oc\u00e9ans de poissons, qui se laisseraient p\u00eacher sans mal.<br \/>\n<br \/>\nLes enfants furent tr\u00e8s inquiets. Ils d\u00e9cid\u00e8rent de se r\u00e9unir partout o\u00f9 les terres avaient br\u00fbl\u00e9. Et en silence, main dans la main, ils entam\u00e8rent la plus belle et interminable des rondes en priant chacun leur abeille-f\u00e9e de r\u00e9ensemencer la plan\u00e8te qu\u2019on leur avait laiss\u00e9e\u00a0; dr\u00f4le d\u2019h\u00e9ritage en v\u00e9rit\u00e9. Ils firent aussi le v\u0153u que bon sens et responsabilit\u00e9 fussent implant\u00e9s dans l\u2019esprit de tous les adultes du monde.<br \/>\n<br \/>\nD\u2019abord, il ne se passa rien. Rien du tout, et les enfants se crurent abandonn\u00e9s. Mais un matin, alors que de longs mois s\u2019\u00e9taient \u00e9coul\u00e9s, la terre commen\u00e7a \u00e0 se parer d\u2019une multitude de petites pousses\u2026 C\u2019est que la vie avait pris son temps, voyez-vous\u00a0? Quelques mois encore furent n\u00e9cessaires pour que des milliards de fleurs, qui avaient rappel\u00e9 \u00e0 elles des millions d\u2019abeilles, vissent le jour.<br \/>\n<br \/>\nQuant aux adultes, peut-\u00eatre leur fallait-il plus de temps, qui sait\u00a0? Mais nul enfant ne s\u2019en souciait. Un jour prochain, les adultes, ce serait eux, et plus jamais alors, ils le savaient, ils n\u2019auraient besoin des f\u00e9es\u2026<br \/>\n[\/et_pb_text][et_pb_button button_url=\u00a0\u00bbhttps:\/\/agir.wwf.fr\/stopextinction\/abeille\/\u00a0\u00bb button_text=\u00a0\u00bbRetour\u00a0\u00bb _builder_version=\u00a0\u00bb4.0.6&Prime; custom_button=\u00a0\u00bbon\u00a0\u00bb button_text_size=\u00a0\u00bb19px\u00a0\u00bb button_text_color=\u00a0\u00bb#ffffff\u00a0\u00bb button_icon=\u00a0\u00bb%%27%%\u00a0\u00bb button_icon_color=\u00a0\u00bb#ffffff\u00a0\u00bb button_icon_placement=\u00a0\u00bbleft\u00a0\u00bb button_on_hover=\u00a0\u00bboff\u00a0\u00bb custom_margin=\u00a0\u00bb|||5vw|false|false\u00a0\u00bb custom_padding=\u00a0\u00bb8px|20px|8px|20px|true|true\u00a0\u00bb hover_enabled=\u00a0\u00bb0&Prime;][\/et_pb_button][\/et_pb_column][\/et_pb_row][\/et_pb_section]<\/p>\n","protected":false},"excerpt":{"rendered":"<p>LES F\u00c9ES M\u00c9LLIF\u00c8RES Cette histoire ne commence ni en un temps recul\u00e9 ni dans un monde imaginaire, mais il n\u2019y a pas si longtemps, sur une plan\u00e8te connue de vous et moi. Elle parle de petits \u00eatres ail\u00e9s, d\u2019insectes qui se nourrissaient du nectar des fleurs, et qui en tiraient un suc dor\u00e9 et doux, [&hellip;]<\/p>\n","protected":false},"author":5,"featured_media":0,"parent":0,"menu_order":0,"comment_status":"closed","ping_status":"closed","template":"page-template-blank.php","meta":{"_et_pb_use_builder":"on","_et_pb_old_content":"","_et_gb_content_width":""},"yoast_head":"<!-- This site is optimized with the Yoast SEO plugin v21.1 - https:\/\/yoast.com\/wordpress\/plugins\/seo\/ -->\n<title>Conte Abeille - WWF Stop Extinction Saison 1<\/title>\n<meta name=\"description\" content=\"N&#039;attendons pas que la faune suavage devienne imaginaire. Agissons ensemble.\" \/>\n<meta name=\"robots\" content=\"index, follow, max-snippet:-1, max-image-preview:large, max-video-preview:-1\" \/>\n<link rel=\"canonical\" href=\"https:\/\/agir.wwf.fr\/stopextinction-saison-1\/conte-abeille\/\" \/>\n<meta property=\"og:locale\" content=\"fr_FR\" \/>\n<meta property=\"og:type\" content=\"article\" \/>\n<meta property=\"og:title\" content=\"Conte Abeille - WWF Stop Extinction Saison 1\" \/>\n<meta property=\"og:description\" content=\"N&#039;attendons pas que la faune suavage devienne imaginaire. Agissons ensemble.\" \/>\n<meta property=\"og:url\" content=\"https:\/\/agir.wwf.fr\/stopextinction-saison-1\/conte-abeille\/\" \/>\n<meta property=\"og:site_name\" content=\"WWF Stop Extinction Saison 1\" \/>\n<meta property=\"article:modified_time\" content=\"2019-11-30T22:53:31+00:00\" \/>\n<meta name=\"twitter:card\" content=\"summary_large_image\" \/>\n<meta name=\"twitter:label1\" content=\"Dur\u00e9e de lecture estim\u00e9e\" \/>\n\t<meta name=\"twitter:data1\" content=\"5 minutes\" \/>\n<script type=\"application\/ld+json\" class=\"yoast-schema-graph\">{\"@context\":\"https:\/\/schema.org\",\"@graph\":[{\"@type\":\"WebPage\",\"@id\":\"https:\/\/agir.wwf.fr\/stopextinction-saison-1\/conte-abeille\/\",\"url\":\"https:\/\/agir.wwf.fr\/stopextinction-saison-1\/conte-abeille\/\",\"name\":\"Conte Abeille - WWF Stop Extinction Saison 1\",\"isPartOf\":{\"@id\":\"https:\/\/agir.wwf.fr\/stopextinction-saison-1\/#website\"},\"datePublished\":\"2019-11-30T22:53:22+00:00\",\"dateModified\":\"2019-11-30T22:53:31+00:00\",\"description\":\"N'attendons pas que la faune suavage devienne imaginaire. Agissons ensemble.\",\"breadcrumb\":{\"@id\":\"https:\/\/agir.wwf.fr\/stopextinction-saison-1\/conte-abeille\/#breadcrumb\"},\"inLanguage\":\"fr-FR\",\"potentialAction\":[{\"@type\":\"ReadAction\",\"target\":[\"https:\/\/agir.wwf.fr\/stopextinction-saison-1\/conte-abeille\/\"]}]},{\"@type\":\"BreadcrumbList\",\"@id\":\"https:\/\/agir.wwf.fr\/stopextinction-saison-1\/conte-abeille\/#breadcrumb\",\"itemListElement\":[{\"@type\":\"ListItem\",\"position\":1,\"name\":\"Accueil\",\"item\":\"https:\/\/agir.wwf.fr\/stopextinction-saison-1\/\"},{\"@type\":\"ListItem\",\"position\":2,\"name\":\"Conte Abeille\"}]},{\"@type\":\"WebSite\",\"@id\":\"https:\/\/agir.wwf.fr\/stopextinction-saison-1\/#website\",\"url\":\"https:\/\/agir.wwf.fr\/stopextinction-saison-1\/\",\"name\":\"WWF Stop Extinction Saison 1\",\"description\":\"N&#039;attendons pas que la faune sauvage devienne imaginaire. Agissons ensemble.\",\"publisher\":{\"@id\":\"https:\/\/agir.wwf.fr\/stopextinction-saison-1\/#organization\"},\"potentialAction\":[{\"@type\":\"SearchAction\",\"target\":{\"@type\":\"EntryPoint\",\"urlTemplate\":\"https:\/\/agir.wwf.fr\/stopextinction-saison-1\/?s={search_term_string}\"},\"query-input\":\"required name=search_term_string\"}],\"inLanguage\":\"fr-FR\"},{\"@type\":\"Organization\",\"@id\":\"https:\/\/agir.wwf.fr\/stopextinction-saison-1\/#organization\",\"name\":\"WWF\",\"url\":\"https:\/\/agir.wwf.fr\/stopextinction-saison-1\/\",\"logo\":{\"@type\":\"ImageObject\",\"inLanguage\":\"fr-FR\",\"@id\":\"https:\/\/agir.wwf.fr\/stopextinction-saison-1\/#\/schema\/logo\/image\/\",\"url\":\"https:\/\/agir.wwf.fr\/stopextinction-saison-1\/wp-content\/uploads\/sites\/34\/2019\/03\/wwflogo.png\",\"contentUrl\":\"https:\/\/agir.wwf.fr\/stopextinction-saison-1\/wp-content\/uploads\/sites\/34\/2019\/03\/wwflogo.png\",\"width\":647,\"height\":306,\"caption\":\"WWF\"},\"image\":{\"@id\":\"https:\/\/agir.wwf.fr\/stopextinction-saison-1\/#\/schema\/logo\/image\/\"}}]}<\/script>\n<!-- \/ Yoast SEO plugin. -->","yoast_head_json":{"title":"Conte Abeille - WWF Stop Extinction Saison 1","description":"N'attendons pas que la faune suavage devienne imaginaire. Agissons ensemble.","robots":{"index":"index","follow":"follow","max-snippet":"max-snippet:-1","max-image-preview":"max-image-preview:large","max-video-preview":"max-video-preview:-1"},"canonical":"https:\/\/agir.wwf.fr\/stopextinction-saison-1\/conte-abeille\/","og_locale":"fr_FR","og_type":"article","og_title":"Conte Abeille - WWF Stop Extinction Saison 1","og_description":"N'attendons pas que la faune suavage devienne imaginaire. Agissons ensemble.","og_url":"https:\/\/agir.wwf.fr\/stopextinction-saison-1\/conte-abeille\/","og_site_name":"WWF Stop Extinction Saison 1","article_modified_time":"2019-11-30T22:53:31+00:00","twitter_card":"summary_large_image","twitter_misc":{"Dur\u00e9e de lecture estim\u00e9e":"5 minutes"},"schema":{"@context":"https:\/\/schema.org","@graph":[{"@type":"WebPage","@id":"https:\/\/agir.wwf.fr\/stopextinction-saison-1\/conte-abeille\/","url":"https:\/\/agir.wwf.fr\/stopextinction-saison-1\/conte-abeille\/","name":"Conte Abeille - WWF Stop Extinction Saison 1","isPartOf":{"@id":"https:\/\/agir.wwf.fr\/stopextinction-saison-1\/#website"},"datePublished":"2019-11-30T22:53:22+00:00","dateModified":"2019-11-30T22:53:31+00:00","description":"N'attendons pas que la faune suavage devienne imaginaire. Agissons ensemble.","breadcrumb":{"@id":"https:\/\/agir.wwf.fr\/stopextinction-saison-1\/conte-abeille\/#breadcrumb"},"inLanguage":"fr-FR","potentialAction":[{"@type":"ReadAction","target":["https:\/\/agir.wwf.fr\/stopextinction-saison-1\/conte-abeille\/"]}]},{"@type":"BreadcrumbList","@id":"https:\/\/agir.wwf.fr\/stopextinction-saison-1\/conte-abeille\/#breadcrumb","itemListElement":[{"@type":"ListItem","position":1,"name":"Accueil","item":"https:\/\/agir.wwf.fr\/stopextinction-saison-1\/"},{"@type":"ListItem","position":2,"name":"Conte Abeille"}]},{"@type":"WebSite","@id":"https:\/\/agir.wwf.fr\/stopextinction-saison-1\/#website","url":"https:\/\/agir.wwf.fr\/stopextinction-saison-1\/","name":"WWF Stop Extinction Saison 1","description":"N&#039;attendons pas que la faune sauvage devienne imaginaire. Agissons ensemble.","publisher":{"@id":"https:\/\/agir.wwf.fr\/stopextinction-saison-1\/#organization"},"potentialAction":[{"@type":"SearchAction","target":{"@type":"EntryPoint","urlTemplate":"https:\/\/agir.wwf.fr\/stopextinction-saison-1\/?s={search_term_string}"},"query-input":"required name=search_term_string"}],"inLanguage":"fr-FR"},{"@type":"Organization","@id":"https:\/\/agir.wwf.fr\/stopextinction-saison-1\/#organization","name":"WWF","url":"https:\/\/agir.wwf.fr\/stopextinction-saison-1\/","logo":{"@type":"ImageObject","inLanguage":"fr-FR","@id":"https:\/\/agir.wwf.fr\/stopextinction-saison-1\/#\/schema\/logo\/image\/","url":"https:\/\/agir.wwf.fr\/stopextinction-saison-1\/wp-content\/uploads\/sites\/34\/2019\/03\/wwflogo.png","contentUrl":"https:\/\/agir.wwf.fr\/stopextinction-saison-1\/wp-content\/uploads\/sites\/34\/2019\/03\/wwflogo.png","width":647,"height":306,"caption":"WWF"},"image":{"@id":"https:\/\/agir.wwf.fr\/stopextinction-saison-1\/#\/schema\/logo\/image\/"}}]}},"_links":{"self":[{"href":"https:\/\/agir.wwf.fr\/stopextinction-saison-1\/wp-json\/wp\/v2\/pages\/55149"}],"collection":[{"href":"https:\/\/agir.wwf.fr\/stopextinction-saison-1\/wp-json\/wp\/v2\/pages"}],"about":[{"href":"https:\/\/agir.wwf.fr\/stopextinction-saison-1\/wp-json\/wp\/v2\/types\/page"}],"author":[{"embeddable":true,"href":"https:\/\/agir.wwf.fr\/stopextinction-saison-1\/wp-json\/wp\/v2\/users\/5"}],"replies":[{"embeddable":true,"href":"https:\/\/agir.wwf.fr\/stopextinction-saison-1\/wp-json\/wp\/v2\/comments?post=55149"}],"version-history":[{"count":0,"href":"https:\/\/agir.wwf.fr\/stopextinction-saison-1\/wp-json\/wp\/v2\/pages\/55149\/revisions"}],"wp:attachment":[{"href":"https:\/\/agir.wwf.fr\/stopextinction-saison-1\/wp-json\/wp\/v2\/media?parent=55149"}],"curies":[{"name":"wp","href":"https:\/\/api.w.org\/{rel}","templated":true}]}}