
{"id":55049,"date":"2019-11-30T18:25:05","date_gmt":"2019-11-30T17:25:05","guid":{"rendered":"https:\/\/agir.wwf.fr\/stopextinction-saison-1\/?page_id=55049"},"modified":"2019-12-01T00:02:51","modified_gmt":"2019-11-30T23:02:51","slug":"conte-ours","status":"publish","type":"page","link":"https:\/\/agir.wwf.fr\/stopextinction-saison-1\/conte-ours\/","title":{"rendered":"Conte Ours"},"content":{"rendered":"<p>[et_pb_section fb_built=\u00a0\u00bb1&Prime; _builder_version=\u00a0\u00bb4.0.6&Prime; background_color=\u00a0\u00bb#000000&Prime; width=\u00a0\u00bb100%\u00a0\u00bb][et_pb_row _builder_version=\u00a0\u00bb4.0.6&Prime; background_image=\u00a0\u00bbhttps:\/\/agir.wwf.fr\/stopextinction-saison-1\/wp-content\/uploads\/sites\/34\/2019\/11\/bg-podcast-mobile.jpg\u00a0\u00bb background_size=\u00a0\u00bbcontain\u00a0\u00bb background_position=\u00a0\u00bbtop_center\u00a0\u00bb width=\u00a0\u00bb100%\u00a0\u00bb custom_padding=\u00a0\u00bb||10vh||false|false\u00a0\u00bb][et_pb_column type=\u00a0\u00bb4_4&Prime; _builder_version=\u00a0\u00bb4.0.6&Prime; custom_padding=\u00a0\u00bb||||false|false\u00a0\u00bb][et_pb_text _builder_version=\u00a0\u00bb4.0.6&Prime; text_font=\u00a0\u00bbWWF new|200||on|||||\u00a0\u00bb text_text_color=\u00a0\u00bb#ffffff\u00a0\u00bb text_font_size=\u00a0\u00bb2em\u00a0\u00bb text_line_height=\u00a0\u00bb1em\u00a0\u00bb text_orientation=\u00a0\u00bbcenter\u00a0\u00bb background_layout=\u00a0\u00bbdark\u00a0\u00bb custom_margin=\u00a0\u00bb10vh||35vh||false|false\u00a0\u00bb]<\/p>\n<p>L&rsquo;ours de Bor\u00e9e<\/p>\n<p>[\/et_pb_text][et_pb_button button_url=\u00a0\u00bbhttps:\/\/agir.wwf.fr\/stopextinction\/ours-polaire\/\u00a0\u00bb button_text=\u00a0\u00bbRetour\u00a0\u00bb _builder_version=\u00a0\u00bb4.0.6&Prime; custom_button=\u00a0\u00bbon\u00a0\u00bb button_text_size=\u00a0\u00bb19px\u00a0\u00bb button_text_color=\u00a0\u00bb#ffffff\u00a0\u00bb button_icon=\u00a0\u00bb%%27%%\u00a0\u00bb button_icon_color=\u00a0\u00bb#ffffff\u00a0\u00bb button_icon_placement=\u00a0\u00bbleft\u00a0\u00bb button_on_hover=\u00a0\u00bboff\u00a0\u00bb custom_margin=\u00a0\u00bb|||5vw|false|false\u00a0\u00bb custom_padding=\u00a0\u00bb8px|20px|8px|20px|true|true\u00a0\u00bb hover_enabled=\u00a0\u00bb0&Prime;][\/et_pb_button][et_pb_text _builder_version=\u00a0\u00bb4.0.6&Prime; text_text_color=\u00a0\u00bb#ffffff\u00a0\u00bb background_layout=\u00a0\u00bbdark\u00a0\u00bb custom_margin=\u00a0\u00bb|5vw||5vw|false|true\u00a0\u00bb]Ils sont quatre, une famille de vieille tradition, Eliott, Ruth, et leurs parents. Des sportifs ais\u00e9s, des gens du grand air voulant des enfants capables de s\u2019adapter aux nouvelles conditions de ce monde mena\u00e7ant.<br \/>\n<br \/>\nIls survolent de longues \u00e9tendues \u00e9tranges de gadoue, de brumes. Le p\u00e8re racontant le permafrost d\u00e9gel\u00e9, les vieux virus remontant \u00e0 la surface et le carbone lib\u00e9r\u00e9.<br \/>\nLe petit avion atterrit sur une immense plaque de glace craquant sous le soleil.<br \/>\n<br \/>\nUn week-end en Bor\u00e9e, ce nouveau territoire de l\u2019Arctique maintenant visitable depuis la fonte des glaciers. Le dernier endroit \u00e0 la mode. L\u00e0 o\u00f9 on peut camper dans un jour sans fin\u00a0!<br \/>\nLa joie. Le tra\u00eeneau tir\u00e9 par un skidoo silencieux. L\u2019espace. Le soleil et cette douceur de juillet au p\u00f4le Nord.<br \/>\nOn visite un mus\u00e9e-igloo habit\u00e9 jadis par des Inuits, un ancien peuple.<br \/>\nDans cette lueur de nuit qui ne tombe pas, on distingue \u00e0 peine les \u00e9toiles.<br \/>\n<br \/>\nLe papa raconte\u00a0:<br \/>\n\u2014 Avant, les Inuits chassaient les phoques et le poisson. Ils avaient des chiens pour tirer des tra\u00eeneaux.<br \/>\nDans leur mythologie, ils \u00e9taient les descendants d\u2019un animal du genre yeti en Himalaya. On l\u2019appelait **l\u2019ours blanc**. Un ours \u00e9norme, blanc couvert de poils, avec derri\u00e8re lui, une cape de poils blancs qui tra\u00eenait sur la neige. Un genre prince de l\u2019Arctique. La moiti\u00e9 du temps, il \u00e9tait homme, et l\u2019autre moiti\u00e9, un ours dot\u00e9 d\u2019une force incroyable. Il mangeait m\u00eame des humains, surtout les plus vieux ou les plus jeunes comme vous\u2026 Haaaaaa.<br \/>\n\u2014 Arr\u00eate papa\u00a0!<br \/>\n\u2014 Un jour, une femme recueillie par une famille d\u2019humains au milieu de la temp\u00eate a d\u00e9couvert que la nuit, ils devenaient ours. Pour ne pas \u00eatre mang\u00e9e, elle a promis le secret, mais revenue au village, elle a tout dit. Les ours qui entendaient tout sont venus pour se venger, mais les chiens les ont chass\u00e9s jusque dans le ciel. Vous voyez, c\u2019est la constellation du chien\u00a0: des ours poursuivis par un chien. Allez, il faut dormir un peu les enfants.<br \/>\n<br \/>\nLe hurlement du petit gar\u00e7on a r\u00e9veill\u00e9 tout le monde. Il est debout devant la tente.<br \/>\n<br \/>\nJe vous jure, c\u2019\u00e9tait l\u2019ours blanc\u00a0: \u00ab\u00a0J\u2019ai vu sa main \u00e9norme, tellement grand, tout blanc et sa tra\u00eene de poils blancs. Il s\u2019est pench\u00e9 sur moi. J\u2019ai vu son \u0153il qui pleurait. \u00c7a coulait. Regardez. Regardez, on voit la trace. \u00c7a fait comme une rivi\u00e8re.\u00a0\u00bb<br \/>\n<br \/>\n\u2014 Mais non, Eliott, c\u2019est la trace du tra\u00eeneau, et c\u2019est la glace qui fond.<br \/>\n\u2014 Je t\u2019avais bien dit de ne pas raconter de choses effrayantes aux enfants avant de dormir. Un ours qui pleure, manquait plus que \u00e7a au p\u00f4le Nord\u2026[\/et_pb_text][et_pb_button button_url=\u00a0\u00bbhttps:\/\/agir.wwf.fr\/stopextinction\/ours-polaire\/\u00a0\u00bb button_text=\u00a0\u00bbRetour\u00a0\u00bb _builder_version=\u00a0\u00bb4.0.6&Prime; custom_button=\u00a0\u00bbon\u00a0\u00bb button_text_size=\u00a0\u00bb19px\u00a0\u00bb button_text_color=\u00a0\u00bb#ffffff\u00a0\u00bb button_icon=\u00a0\u00bb%%27%%\u00a0\u00bb button_icon_color=\u00a0\u00bb#ffffff\u00a0\u00bb button_icon_placement=\u00a0\u00bbleft\u00a0\u00bb button_on_hover=\u00a0\u00bboff\u00a0\u00bb custom_margin=\u00a0\u00bb|||5vw|false|false\u00a0\u00bb custom_padding=\u00a0\u00bb8px|20px|8px|20px|true|true\u00a0\u00bb hover_enabled=\u00a0\u00bb0&Prime;][\/et_pb_button][\/et_pb_column][\/et_pb_row][\/et_pb_section]<\/p>\n","protected":false},"excerpt":{"rendered":"<p>L&rsquo;ours de Bor\u00e9eIls sont quatre, une famille de vieille tradition, Eliott, Ruth, et leurs parents. Des sportifs ais\u00e9s, des gens du grand air voulant des enfants capables de s\u2019adapter aux nouvelles conditions de ce monde mena\u00e7ant. Ils survolent de longues \u00e9tendues \u00e9tranges de gadoue, de brumes. Le p\u00e8re racontant le permafrost d\u00e9gel\u00e9, les vieux virus [&hellip;]<\/p>\n","protected":false},"author":5,"featured_media":0,"parent":0,"menu_order":0,"comment_status":"closed","ping_status":"closed","template":"page-template-blank.php","meta":{"_et_pb_use_builder":"on","_et_pb_old_content":"","_et_gb_content_width":""},"yoast_head":"<!-- This site is optimized with the Yoast SEO plugin v21.1 - https:\/\/yoast.com\/wordpress\/plugins\/seo\/ -->\n<title>Conte Ours - WWF Stop Extinction Saison 1<\/title>\n<meta name=\"description\" content=\"N&#039;attendons pas que la faune suavage devienne imaginaire. Agissons ensemble.\" \/>\n<meta name=\"robots\" content=\"index, follow, max-snippet:-1, max-image-preview:large, max-video-preview:-1\" \/>\n<link rel=\"canonical\" href=\"https:\/\/agir.wwf.fr\/stopextinction-saison-1\/conte-ours\/\" \/>\n<meta property=\"og:locale\" content=\"fr_FR\" \/>\n<meta property=\"og:type\" content=\"article\" \/>\n<meta property=\"og:title\" content=\"Conte Ours - WWF Stop Extinction Saison 1\" \/>\n<meta property=\"og:description\" content=\"N&#039;attendons pas que la faune suavage devienne imaginaire. Agissons ensemble.\" \/>\n<meta property=\"og:url\" content=\"https:\/\/agir.wwf.fr\/stopextinction-saison-1\/conte-ours\/\" \/>\n<meta property=\"og:site_name\" content=\"WWF Stop Extinction Saison 1\" \/>\n<meta property=\"article:modified_time\" content=\"2019-11-30T23:02:51+00:00\" \/>\n<meta name=\"twitter:card\" content=\"summary_large_image\" \/>\n<meta name=\"twitter:label1\" content=\"Dur\u00e9e de lecture estim\u00e9e\" \/>\n\t<meta name=\"twitter:data1\" content=\"4 minutes\" \/>\n<script type=\"application\/ld+json\" class=\"yoast-schema-graph\">{\"@context\":\"https:\/\/schema.org\",\"@graph\":[{\"@type\":\"WebPage\",\"@id\":\"https:\/\/agir.wwf.fr\/stopextinction-saison-1\/conte-ours\/\",\"url\":\"https:\/\/agir.wwf.fr\/stopextinction-saison-1\/conte-ours\/\",\"name\":\"Conte Ours - WWF Stop Extinction Saison 1\",\"isPartOf\":{\"@id\":\"https:\/\/agir.wwf.fr\/stopextinction-saison-1\/#website\"},\"datePublished\":\"2019-11-30T17:25:05+00:00\",\"dateModified\":\"2019-11-30T23:02:51+00:00\",\"description\":\"N'attendons pas que la faune suavage devienne imaginaire. Agissons ensemble.\",\"breadcrumb\":{\"@id\":\"https:\/\/agir.wwf.fr\/stopextinction-saison-1\/conte-ours\/#breadcrumb\"},\"inLanguage\":\"fr-FR\",\"potentialAction\":[{\"@type\":\"ReadAction\",\"target\":[\"https:\/\/agir.wwf.fr\/stopextinction-saison-1\/conte-ours\/\"]}]},{\"@type\":\"BreadcrumbList\",\"@id\":\"https:\/\/agir.wwf.fr\/stopextinction-saison-1\/conte-ours\/#breadcrumb\",\"itemListElement\":[{\"@type\":\"ListItem\",\"position\":1,\"name\":\"Accueil\",\"item\":\"https:\/\/agir.wwf.fr\/stopextinction-saison-1\/\"},{\"@type\":\"ListItem\",\"position\":2,\"name\":\"Conte Ours\"}]},{\"@type\":\"WebSite\",\"@id\":\"https:\/\/agir.wwf.fr\/stopextinction-saison-1\/#website\",\"url\":\"https:\/\/agir.wwf.fr\/stopextinction-saison-1\/\",\"name\":\"WWF Stop Extinction Saison 1\",\"description\":\"N&#039;attendons pas que la faune sauvage devienne imaginaire. Agissons ensemble.\",\"publisher\":{\"@id\":\"https:\/\/agir.wwf.fr\/stopextinction-saison-1\/#organization\"},\"potentialAction\":[{\"@type\":\"SearchAction\",\"target\":{\"@type\":\"EntryPoint\",\"urlTemplate\":\"https:\/\/agir.wwf.fr\/stopextinction-saison-1\/?s={search_term_string}\"},\"query-input\":\"required name=search_term_string\"}],\"inLanguage\":\"fr-FR\"},{\"@type\":\"Organization\",\"@id\":\"https:\/\/agir.wwf.fr\/stopextinction-saison-1\/#organization\",\"name\":\"WWF\",\"url\":\"https:\/\/agir.wwf.fr\/stopextinction-saison-1\/\",\"logo\":{\"@type\":\"ImageObject\",\"inLanguage\":\"fr-FR\",\"@id\":\"https:\/\/agir.wwf.fr\/stopextinction-saison-1\/#\/schema\/logo\/image\/\",\"url\":\"https:\/\/agir.wwf.fr\/stopextinction-saison-1\/wp-content\/uploads\/sites\/34\/2019\/03\/wwflogo.png\",\"contentUrl\":\"https:\/\/agir.wwf.fr\/stopextinction-saison-1\/wp-content\/uploads\/sites\/34\/2019\/03\/wwflogo.png\",\"width\":647,\"height\":306,\"caption\":\"WWF\"},\"image\":{\"@id\":\"https:\/\/agir.wwf.fr\/stopextinction-saison-1\/#\/schema\/logo\/image\/\"}}]}<\/script>\n<!-- \/ Yoast SEO plugin. -->","yoast_head_json":{"title":"Conte Ours - WWF Stop Extinction Saison 1","description":"N'attendons pas que la faune suavage devienne imaginaire. Agissons ensemble.","robots":{"index":"index","follow":"follow","max-snippet":"max-snippet:-1","max-image-preview":"max-image-preview:large","max-video-preview":"max-video-preview:-1"},"canonical":"https:\/\/agir.wwf.fr\/stopextinction-saison-1\/conte-ours\/","og_locale":"fr_FR","og_type":"article","og_title":"Conte Ours - WWF Stop Extinction Saison 1","og_description":"N'attendons pas que la faune suavage devienne imaginaire. Agissons ensemble.","og_url":"https:\/\/agir.wwf.fr\/stopextinction-saison-1\/conte-ours\/","og_site_name":"WWF Stop Extinction Saison 1","article_modified_time":"2019-11-30T23:02:51+00:00","twitter_card":"summary_large_image","twitter_misc":{"Dur\u00e9e de lecture estim\u00e9e":"4 minutes"},"schema":{"@context":"https:\/\/schema.org","@graph":[{"@type":"WebPage","@id":"https:\/\/agir.wwf.fr\/stopextinction-saison-1\/conte-ours\/","url":"https:\/\/agir.wwf.fr\/stopextinction-saison-1\/conte-ours\/","name":"Conte Ours - WWF Stop Extinction Saison 1","isPartOf":{"@id":"https:\/\/agir.wwf.fr\/stopextinction-saison-1\/#website"},"datePublished":"2019-11-30T17:25:05+00:00","dateModified":"2019-11-30T23:02:51+00:00","description":"N'attendons pas que la faune suavage devienne imaginaire. Agissons ensemble.","breadcrumb":{"@id":"https:\/\/agir.wwf.fr\/stopextinction-saison-1\/conte-ours\/#breadcrumb"},"inLanguage":"fr-FR","potentialAction":[{"@type":"ReadAction","target":["https:\/\/agir.wwf.fr\/stopextinction-saison-1\/conte-ours\/"]}]},{"@type":"BreadcrumbList","@id":"https:\/\/agir.wwf.fr\/stopextinction-saison-1\/conte-ours\/#breadcrumb","itemListElement":[{"@type":"ListItem","position":1,"name":"Accueil","item":"https:\/\/agir.wwf.fr\/stopextinction-saison-1\/"},{"@type":"ListItem","position":2,"name":"Conte Ours"}]},{"@type":"WebSite","@id":"https:\/\/agir.wwf.fr\/stopextinction-saison-1\/#website","url":"https:\/\/agir.wwf.fr\/stopextinction-saison-1\/","name":"WWF Stop Extinction Saison 1","description":"N&#039;attendons pas que la faune sauvage devienne imaginaire. Agissons ensemble.","publisher":{"@id":"https:\/\/agir.wwf.fr\/stopextinction-saison-1\/#organization"},"potentialAction":[{"@type":"SearchAction","target":{"@type":"EntryPoint","urlTemplate":"https:\/\/agir.wwf.fr\/stopextinction-saison-1\/?s={search_term_string}"},"query-input":"required name=search_term_string"}],"inLanguage":"fr-FR"},{"@type":"Organization","@id":"https:\/\/agir.wwf.fr\/stopextinction-saison-1\/#organization","name":"WWF","url":"https:\/\/agir.wwf.fr\/stopextinction-saison-1\/","logo":{"@type":"ImageObject","inLanguage":"fr-FR","@id":"https:\/\/agir.wwf.fr\/stopextinction-saison-1\/#\/schema\/logo\/image\/","url":"https:\/\/agir.wwf.fr\/stopextinction-saison-1\/wp-content\/uploads\/sites\/34\/2019\/03\/wwflogo.png","contentUrl":"https:\/\/agir.wwf.fr\/stopextinction-saison-1\/wp-content\/uploads\/sites\/34\/2019\/03\/wwflogo.png","width":647,"height":306,"caption":"WWF"},"image":{"@id":"https:\/\/agir.wwf.fr\/stopextinction-saison-1\/#\/schema\/logo\/image\/"}}]}},"_links":{"self":[{"href":"https:\/\/agir.wwf.fr\/stopextinction-saison-1\/wp-json\/wp\/v2\/pages\/55049"}],"collection":[{"href":"https:\/\/agir.wwf.fr\/stopextinction-saison-1\/wp-json\/wp\/v2\/pages"}],"about":[{"href":"https:\/\/agir.wwf.fr\/stopextinction-saison-1\/wp-json\/wp\/v2\/types\/page"}],"author":[{"embeddable":true,"href":"https:\/\/agir.wwf.fr\/stopextinction-saison-1\/wp-json\/wp\/v2\/users\/5"}],"replies":[{"embeddable":true,"href":"https:\/\/agir.wwf.fr\/stopextinction-saison-1\/wp-json\/wp\/v2\/comments?post=55049"}],"version-history":[{"count":0,"href":"https:\/\/agir.wwf.fr\/stopextinction-saison-1\/wp-json\/wp\/v2\/pages\/55049\/revisions"}],"wp:attachment":[{"href":"https:\/\/agir.wwf.fr\/stopextinction-saison-1\/wp-json\/wp\/v2\/media?parent=55049"}],"curies":[{"name":"wp","href":"https:\/\/api.w.org\/{rel}","templated":true}]}}